{"id":1647,"date":"2024-12-04T13:13:10","date_gmt":"2024-12-04T13:13:10","guid":{"rendered":"https:\/\/grupomardom.es\/?page_id=1647"},"modified":"2024-12-12T10:18:02","modified_gmt":"2024-12-12T10:18:02","slug":"aviso-legal","status":"publish","type":"page","link":"https:\/\/grupomardom.es\/en\/aviso-legal\/","title":{"rendered":"Legal Notice"},"content":{"rendered":"<div data-elementor-type=\"wp-page\" data-elementor-id=\"1647\" class=\"elementor elementor-1647\">\n\t\t\t\t<div class=\"elementor-element elementor-element-f358bfb e-con-full e-flex wpr-particle-no wpr-jarallax-no wpr-parallax-no wpr-sticky-section-no e-con e-parent\" data-id=\"f358bfb\" data-element_type=\"container\" data-settings=\"{&quot;background_background&quot;:&quot;classic&quot;,&quot;shape_divider_top&quot;:&quot;opacity-fan&quot;,&quot;shape_divider_bottom&quot;:&quot;opacity-tilt&quot;}\">\n\t\t\t\t<div class=\"elementor-shape elementor-shape-top\" aria-hidden=\"true\" data-negative=\"false\">\n\t\t\t<svg xmlns=\"http:\/\/www.w3.org\/2000\/svg\" viewbox=\"0 0 283.5 19.6\" preserveaspectratio=\"none\">\n\t<path class=\"elementor-shape-fill\" style=\"opacity:0.33\" d=\"M0 0L0 18.8 141.8 4.1 283.5 18.8 283.5 0z\"\/>\n\t<path class=\"elementor-shape-fill\" style=\"opacity:0.33\" d=\"M0 0L0 12.6 141.8 4 283.5 12.6 283.5 0z\"\/>\n\t<path class=\"elementor-shape-fill\" style=\"opacity:0.33\" d=\"M0 0L0 6.4 141.8 4 283.5 6.4 283.5 0z\"\/>\n\t<path class=\"elementor-shape-fill\" d=\"M0 0L0 1.2 141.8 4 283.5 1.2 283.5 0z\"\/>\n<\/svg>\t\t<\/div>\n\t\t\t\t<div class=\"elementor-shape elementor-shape-bottom\" aria-hidden=\"true\" data-negative=\"false\">\n\t\t\t<svg xmlns=\"http:\/\/www.w3.org\/2000\/svg\" viewbox=\"0 0 2600 131.1\" preserveaspectratio=\"none\">\n\t<path class=\"elementor-shape-fill\" d=\"M0 0L2600 0 2600 69.1 0 0z\"\/>\n\t<path class=\"elementor-shape-fill\" style=\"opacity:0.5\" d=\"M0 0L2600 0 2600 69.1 0 69.1z\"\/>\n\t<path class=\"elementor-shape-fill\" style=\"opacity:0.25\" d=\"M2600 0L0 0 0 130.1 2600 69.1z\"\/>\n<\/svg>\t\t<\/div>\n\t\t<div class=\"elementor-element elementor-element-6baef79 e-con-full e-flex wpr-particle-no wpr-jarallax-no wpr-parallax-no wpr-sticky-section-no e-con e-child\" data-id=\"6baef79\" data-element_type=\"container\">\n\t\t\t\t<div class=\"elementor-element elementor-element-a954e92 elementor-widget elementor-widget-heading\" data-id=\"a954e92\" data-element_type=\"widget\" data-widget_type=\"heading.default\">\n\t\t\t\t<div class=\"elementor-widget-container\">\n\t\t\t\t\t<h1 class=\"elementor-heading-title elementor-size-default\">Legal Notice<\/h1>\t\t\t\t<\/div>\n\t\t\t\t<\/div>\n\t\t\t\t<\/div>\n\t\t\t\t<\/div>\n\t\t<div class=\"elementor-element elementor-element-3a67f12 e-flex e-con-boxed wpr-particle-no wpr-jarallax-no wpr-parallax-no wpr-sticky-section-no e-con e-parent\" data-id=\"3a67f12\" data-element_type=\"container\" data-settings=\"{&quot;background_background&quot;:&quot;classic&quot;}\">\n\t\t\t\t\t<div class=\"e-con-inner\">\n\t\t<div class=\"elementor-element elementor-element-ea8bb70 e-con-full e-flex wpr-particle-no wpr-jarallax-no wpr-parallax-no wpr-sticky-section-no e-con e-child\" data-id=\"ea8bb70\" data-element_type=\"container\">\n\t\t\t\t<div class=\"elementor-element elementor-element-46e1ce3 animated-slow elementor-invisible elementor-widget elementor-widget-text-editor\" data-id=\"46e1ce3\" data-element_type=\"widget\" data-settings=\"{&quot;_animation&quot;:&quot;fadeInUp&quot;}\" data-widget_type=\"text-editor.default\">\n\t\t\t\t<div class=\"elementor-widget-container\">\n\t\t\t\t\t\t\t\t\t<p>This document contains the regulation of access and use of the website grupomardom.es, (hereinafter, the website) owned by GRUPO MARDOM TECHNOLOGIES S.L.\u00a0<span style=\"text-align: var(--text-align);\">(hereinafter THE LIABLE) with N.I.F:B47779368\u00a0<\/span><span style=\"text-align: var(--text-align);\">and contact e-mail: info@grupomardom.es.<\/span><\/p><p>El nombre de dominio, ebcarquitectos.es est\u00e1 registrado a favor de EL RESPONSABLE. El domicilio social de EL RESPONSABLE queda establecido, a los efectos de la presente Informaci\u00f3n Legal, en Cl. Propano 1, 47012 Pol\u00edgono San Crist\u00f3bal, Valladolid, Espa\u00f1a.<\/p><p>The user can contact us at the following numbers and e-mail:<\/p><p>Telephone 983 477 516<br \/>E-mail <span style=\"text-align: var(--text-align);\">info@grupomardom.es.<\/span><\/p><p>Access to and\/or use of the website implies acceptance and application of the conditions referred to in this document at the time of such access and\/or use.<\/p>\t\t\t\t\t\t\t\t<\/div>\n\t\t\t\t<\/div>\n\t\t\t\t<div class=\"elementor-element elementor-element-b2aa932 animated-slow elementor-invisible elementor-widget elementor-widget-heading\" data-id=\"b2aa932\" data-element_type=\"widget\" data-settings=\"{&quot;_animation&quot;:&quot;fadeInDown&quot;}\" data-widget_type=\"heading.default\">\n\t\t\t\t<div class=\"elementor-widget-container\">\n\t\t\t\t\t<h2 class=\"elementor-heading-title elementor-size-default\">GENERAL CONDITIONS OF USE OF THE WEBSITES<\/h2>\t\t\t\t<\/div>\n\t\t\t\t<\/div>\n\t\t\t\t<div class=\"elementor-element elementor-element-4e9fdd3 animated-slow elementor-invisible elementor-widget elementor-widget-text-editor\" data-id=\"4e9fdd3\" data-element_type=\"widget\" data-settings=\"{&quot;_animation&quot;:&quot;fadeInUp&quot;}\" data-widget_type=\"text-editor.default\">\n\t\t\t\t<div class=\"elementor-widget-container\">\n\t\t\t\t\t\t\t\t\t<p>Accessing and browsing this website implies the express and full acceptance of the conditions set out herein, without prejudice to any particular conditions that may apply to some of the specific services offered through the website, and the user is informed and accepts that access to this website does not in any way imply the start of a commercial relationship with THE RESPONSIBLE PARTY.<\/p><p>THE RESPONSIBLE PARTY reserves the right to modify at any time the present conditions of use as well as any other particular conditions, being able to change, delete or add both the contents and services that are provided through the same and the way in which they are presented or located on its servers.<\/p><p>This website and all material on this website belongs to THE RESPONSIBLE PARTY. This Site or any portion of this Site may not be reproduced, duplicated, copied, sold, resold, or otherwise exploited for any commercial or other purpose not expressly permitted by THE RESPONSIBLE PARTY. Modification of the materials or use of the materials for any other purpose is a violation of copyright law and other trademark rights.<\/p>\t\t\t\t\t\t\t\t<\/div>\n\t\t\t\t<\/div>\n\t\t\t\t<div class=\"elementor-element elementor-element-b0a8406 animated-slow elementor-invisible elementor-widget elementor-widget-heading\" data-id=\"b0a8406\" data-element_type=\"widget\" data-settings=\"{&quot;_animation&quot;:&quot;fadeInDown&quot;}\" data-widget_type=\"heading.default\">\n\t\t\t\t<div class=\"elementor-widget-container\">\n\t\t\t\t\t<h2 class=\"elementor-heading-title elementor-size-default\">LIMITED LIABILITY<\/h2>\t\t\t\t<\/div>\n\t\t\t\t<\/div>\n\t\t\t\t<div class=\"elementor-element elementor-element-691e0d8 animated-slow elementor-invisible elementor-widget elementor-widget-text-editor\" data-id=\"691e0d8\" data-element_type=\"widget\" data-settings=\"{&quot;_animation&quot;:&quot;fadeInUp&quot;}\" data-widget_type=\"text-editor.default\">\n\t\t\t\t<div class=\"elementor-widget-container\">\n\t\t\t\t\t\t\t\t\t<p>The RESPONSIBLE does not identify with the opinions expressed in it by its contributors.<\/p><p>Under no circumstances shall THE RESPONSIBLE PARTY, its officers, employees, partners, suppliers and technology partners be liable to any third party for any direct or indirect damage, economic loss, loss of customers or loss of profits, resulting from the use of this Website.<\/p>\t\t\t\t\t\t\t\t<\/div>\n\t\t\t\t<\/div>\n\t\t\t\t<div class=\"elementor-element elementor-element-6fb9231 animated-slow elementor-invisible elementor-widget elementor-widget-heading\" data-id=\"6fb9231\" data-element_type=\"widget\" data-settings=\"{&quot;_animation&quot;:&quot;fadeInDown&quot;}\" data-widget_type=\"heading.default\">\n\t\t\t\t<div class=\"elementor-widget-container\">\n\t\t\t\t\t<h2 class=\"elementor-heading-title elementor-size-default\">BRANDS<\/h2>\t\t\t\t<\/div>\n\t\t\t\t<\/div>\n\t\t\t\t<div class=\"elementor-element elementor-element-6b59a74 animated-slow elementor-invisible elementor-widget elementor-widget-text-editor\" data-id=\"6b59a74\" data-element_type=\"widget\" data-settings=\"{&quot;_animation&quot;:&quot;fadeInUp&quot;}\" data-widget_type=\"text-editor.default\">\n\t\t\t\t<div class=\"elementor-widget-container\">\n\t\t\t\t\t\t\t\t\t<p>The trademarks and logos that may appear on this website belong to THE RESPONSIBLE PARTY and third parties and may not be used in any advertising or publicity material relating to the distribution of any information or content extracted from this website without the prior written consent of the legal owner of the trademark.<\/p>\t\t\t\t\t\t\t\t<\/div>\n\t\t\t\t<\/div>\n\t\t\t\t<div class=\"elementor-element elementor-element-5bb16b7 animated-slow elementor-invisible elementor-widget elementor-widget-heading\" data-id=\"5bb16b7\" data-element_type=\"widget\" data-settings=\"{&quot;_animation&quot;:&quot;fadeInDown&quot;}\" data-widget_type=\"heading.default\">\n\t\t\t\t<div class=\"elementor-widget-container\">\n\t\t\t\t\t<h2 class=\"elementor-heading-title elementor-size-default\">INFORMATION AND ITS UPDATING<\/h2>\t\t\t\t<\/div>\n\t\t\t\t<\/div>\n\t\t\t\t<div class=\"elementor-element elementor-element-9a8ac9f animated-slow elementor-invisible elementor-widget elementor-widget-text-editor\" data-id=\"9a8ac9f\" data-element_type=\"widget\" data-settings=\"{&quot;_animation&quot;:&quot;fadeInUp&quot;}\" data-widget_type=\"text-editor.default\">\n\t\t\t\t<div class=\"elementor-widget-container\">\n\t\t\t\t\t\t\t\t\t<p>THE RESPONSIBLE makes every effort to ensure that the information on this Website is correct and up to date. However, typographical errors or omissions are not excluded, so that the user should not consider the information to be accurate without first checking such accuracy directly with THE RESPONSIBLE.<\/p><p>THE RESPONSIBLE cannot control the use that the user makes of the information and therefore shall not be liable for any damages, whether direct or indirect, that may arise from the use of such information. Under no circumstances will the rights that, as a consumer, may legally correspond to the client of THE RESPONSIBLE be affected.<\/p>\t\t\t\t\t\t\t\t<\/div>\n\t\t\t\t<\/div>\n\t\t\t\t<\/div>\n\t\t\t\t\t<\/div>\n\t\t\t\t<\/div>\n\t\t\t\t<\/div>","protected":false},"excerpt":{"rendered":"<p>Aviso Legal El presente documento contiene la regulaci\u00f3n del acceso y la utilizaci\u00f3n de la p\u00e1gina web grupomardom.es, (en adelante, la p\u00e1gina web) cuyo titular es GRUPO MARDOM TECHNOLOGIES S.L.\u00a0(en adelante EL RESPONSABLE) con N.I.F:B47779368\u00a0y correo electr\u00f3nico de contacto: info@grupomardom.es. El nombre de dominio, ebcarquitectos.es est\u00e1 registrado a favor de EL RESPONSABLE. El domicilio social de EL RESPONSABLE queda establecido, a los efectos de la presente Informaci\u00f3n Legal, en Cl. Propano 1, 47012 Pol\u00edgono San Crist\u00f3bal, Valladolid, Espa\u00f1a. El usuario puede ponerse en contacto con nosotros en los siguientes n\u00fameros y e-mail: Tel\u00e9fono 983 477 516 E-mail info@grupomardom.es. El acceso y\/o utilizaci\u00f3n de la p\u00e1gina web implica la aceptaci\u00f3n y aplicaci\u00f3n de las condiciones a que se refiere el presente documento en el momento de producirse tal acceso y\/o utilizaci\u00f3n. CONDICIONES GENERALES DE USO DE LOS SITIOS WEB El acceso y navegaci\u00f3n en este sitio Web implica la expresa y plena aceptaci\u00f3n de las condiciones aqu\u00ed expuestas, sin perjuicio de aquellas particulares que pudieran aplicarse a algunos de los servicios concretos ofrecidos a trav\u00e9s del sitio Web, quedando el usuario informado, y aceptando, que el acceso a la presente web no supone, en modo alguno, el inicio de una relaci\u00f3n comercial con EL RESPONSABLE. EL RESPONSABLE\u00a0se reserva el derecho de modificar en cualquier momento las presentes condiciones de uso as\u00ed como cualesquiera otras condiciones particulares, pudiendo cambiar, suprimir o a\u00f1adir tanto los contenidos y servicios que se presten a trav\u00e9s de la misma como la forma en la que \u00e9stos aparezcan presentados o localizados en sus servidores. Este sitio web y todo su material pertenecen a EL RESPONSABLE. Este Sitio o cualquier parte del mismo no se podr\u00e1 reproducir, duplicar, copiar, vender, revender ni explotar para cualquier fin comercial o de otro tipo que no sea expresamente permitido por EL RESPONSABLE. La modificaci\u00f3n de los materiales o el uso de los mismos para otro fin constituyen una violaci\u00f3n de la ley del Copyright y de otros derechos de marca registrada. RESPONSABILIDAD LIMITADA EL RESPONSABLE\u00a0no se identifica con las opiniones vertidas en el mismo por sus colaboradores. Bajo ninguna circunstancia EL RESPONSABLE, sus directivos, empleados, socios, proveedores y aliados tecnol\u00f3gicos ser\u00e1n responsables ante terceros por cualquier da\u00f1o directo o indirecto, econ\u00f3mico, p\u00e9rdida de clientela o p\u00e9rdida de ganancias, resultado del uso de este Sitio Web. MARCAS Las marcas y logotipos que puedan aparecer en este sitio Web pertenecen a EL RESPONSABLE\u00a0y a terceros y no pueden utilizarse en ning\u00fan tipo de anuncio o de material publicitario relativos a la distribuci\u00f3n de cualquier informaci\u00f3n o contenido extra\u00eddo de esta p\u00e1gina Web sin el previo consentimiento por escrito del propietario legal de la marca. INFORMACI\u00d3N Y SU ACTUALIZACI\u00d3N EL RESPONSABLE\u00a0hace los mayores esfuerzos para asegurar que la informaci\u00f3n que aparece en este Sitio Web sea correcta y se encuentre actualizada. No obstante, no se descartan errores tipogr\u00e1ficos u omisiones, por lo que el usuario no deber\u00e1 considerar exacta la informaci\u00f3n sin comprobar antes tal exactitud directamente con EL RESPONSABLE. EL RESPONSABLE\u00a0no puede controlar el empleo que el usuario da a la informaci\u00f3n y por tanto no ser\u00e1 responsable de ning\u00fan tipo de da\u00f1os o perjuicios, ya sean directos o indirectos, que puedan derivar del empleo de dicha informaci\u00f3n. En ning\u00fan caso resultar\u00e1n afectados los derechos que, como consumidor, puedan corresponder legalmente al cliente de EL RESPONSABLE.<\/p>","protected":false},"author":1,"featured_media":0,"parent":0,"menu_order":0,"comment_status":"closed","ping_status":"closed","template":"elementor_header_footer","meta":{"footnotes":""},"class_list":["post-1647","page","type-page","status-publish","hentry"],"yoast_head":"<!-- This site is optimized with the Yoast SEO plugin v26.8 - https:\/\/yoast.com\/product\/yoast-seo-wordpress\/ -->\n<title>Aviso Legal - Grupo Mardom<\/title>\n<meta name=\"description\" content=\"Al acceder y utilizar este sitio, usted acepta cumplir con todas las normas y regulaciones aplicable, detallando los t\u00e9rminos y condiciones.\" \/>\n<meta name=\"robots\" content=\"index, follow, max-snippet:-1, max-image-preview:large, max-video-preview:-1\" \/>\n<link rel=\"canonical\" href=\"https:\/\/grupomardom.es\/en\/aviso-legal\/\" \/>\n<meta property=\"og:locale\" content=\"en_GB\" \/>\n<meta property=\"og:type\" content=\"article\" \/>\n<meta property=\"og:title\" content=\"Aviso Legal - Grupo Mardom\" \/>\n<meta property=\"og:description\" content=\"Al acceder y utilizar este sitio, usted acepta cumplir con todas las normas y regulaciones aplicable, detallando los t\u00e9rminos y condiciones.\" \/>\n<meta property=\"og:url\" content=\"https:\/\/grupomardom.es\/en\/aviso-legal\/\" \/>\n<meta property=\"og:site_name\" content=\"Grupo Mardom\" \/>\n<meta property=\"article:modified_time\" content=\"2024-12-12T10:18:02+00:00\" \/>\n<meta name=\"twitter:card\" content=\"summary_large_image\" \/>\n<meta name=\"twitter:label1\" content=\"Estimated reading time\" \/>\n\t<meta name=\"twitter:data1\" content=\"3 minutes\" \/>\n<script type=\"application\/ld+json\" class=\"yoast-schema-graph\">{\"@context\":\"https:\/\/schema.org\",\"@graph\":[{\"@type\":\"WebPage\",\"@id\":\"https:\/\/grupomardom.es\/aviso-legal\/\",\"url\":\"https:\/\/grupomardom.es\/aviso-legal\/\",\"name\":\"Aviso Legal - Grupo Mardom\",\"isPartOf\":{\"@id\":\"https:\/\/grupomardom.es\/#website\"},\"datePublished\":\"2024-12-04T13:13:10+00:00\",\"dateModified\":\"2024-12-12T10:18:02+00:00\",\"description\":\"Al acceder y utilizar este sitio, usted acepta cumplir con todas las normas y regulaciones aplicable, detallando los t\u00e9rminos y condiciones.\",\"breadcrumb\":{\"@id\":\"https:\/\/grupomardom.es\/aviso-legal\/#breadcrumb\"},\"inLanguage\":\"en-GB\",\"potentialAction\":[{\"@type\":\"ReadAction\",\"target\":[\"https:\/\/grupomardom.es\/aviso-legal\/\"]}]},{\"@type\":\"BreadcrumbList\",\"@id\":\"https:\/\/grupomardom.es\/aviso-legal\/#breadcrumb\",\"itemListElement\":[{\"@type\":\"ListItem\",\"position\":1,\"name\":\"Portada\",\"item\":\"https:\/\/grupomardom.es\/\"},{\"@type\":\"ListItem\",\"position\":2,\"name\":\"Aviso Legal\"}]},{\"@type\":\"WebSite\",\"@id\":\"https:\/\/grupomardom.es\/#website\",\"url\":\"https:\/\/grupomardom.es\/\",\"name\":\"Grupo Mardom\",\"description\":\"\",\"publisher\":{\"@id\":\"https:\/\/grupomardom.es\/#organization\"},\"potentialAction\":[{\"@type\":\"SearchAction\",\"target\":{\"@type\":\"EntryPoint\",\"urlTemplate\":\"https:\/\/grupomardom.es\/?s={search_term_string}\"},\"query-input\":{\"@type\":\"PropertyValueSpecification\",\"valueRequired\":true,\"valueName\":\"search_term_string\"}}],\"inLanguage\":\"en-GB\"},{\"@type\":\"Organization\",\"@id\":\"https:\/\/grupomardom.es\/#organization\",\"name\":\"Grupo Mardom\",\"url\":\"https:\/\/grupomardom.es\/\",\"logo\":{\"@type\":\"ImageObject\",\"inLanguage\":\"en-GB\",\"@id\":\"https:\/\/grupomardom.es\/#\/schema\/logo\/image\/\",\"url\":\"https:\/\/grupomardom.es\/wp-content\/uploads\/2024\/10\/logo-a-color-grupo-mardom-r1.png\",\"contentUrl\":\"https:\/\/grupomardom.es\/wp-content\/uploads\/2024\/10\/logo-a-color-grupo-mardom-r1.png\",\"width\":200,\"height\":119,\"caption\":\"Grupo Mardom\"},\"image\":{\"@id\":\"https:\/\/grupomardom.es\/#\/schema\/logo\/image\/\"}}]}<\/script>\n<!-- \/ Yoast SEO plugin. -->","yoast_head_json":{"title":"Aviso Legal - Grupo Mardom","description":"Al acceder y utilizar este sitio, usted acepta cumplir con todas las normas y regulaciones aplicable, detallando los t\u00e9rminos y condiciones.","robots":{"index":"index","follow":"follow","max-snippet":"max-snippet:-1","max-image-preview":"max-image-preview:large","max-video-preview":"max-video-preview:-1"},"canonical":"https:\/\/grupomardom.es\/en\/aviso-legal\/","og_locale":"en_GB","og_type":"article","og_title":"Aviso Legal - Grupo Mardom","og_description":"Al acceder y utilizar este sitio, usted acepta cumplir con todas las normas y regulaciones aplicable, detallando los t\u00e9rminos y condiciones.","og_url":"https:\/\/grupomardom.es\/en\/aviso-legal\/","og_site_name":"Grupo Mardom","article_modified_time":"2024-12-12T10:18:02+00:00","twitter_card":"summary_large_image","twitter_misc":{"Estimated reading time":"3 minutes"},"schema":{"@context":"https:\/\/schema.org","@graph":[{"@type":"WebPage","@id":"https:\/\/grupomardom.es\/aviso-legal\/","url":"https:\/\/grupomardom.es\/aviso-legal\/","name":"Aviso Legal - Grupo Mardom","isPartOf":{"@id":"https:\/\/grupomardom.es\/#website"},"datePublished":"2024-12-04T13:13:10+00:00","dateModified":"2024-12-12T10:18:02+00:00","description":"Al acceder y utilizar este sitio, usted acepta cumplir con todas las normas y regulaciones aplicable, detallando los t\u00e9rminos y condiciones.","breadcrumb":{"@id":"https:\/\/grupomardom.es\/aviso-legal\/#breadcrumb"},"inLanguage":"en-GB","potentialAction":[{"@type":"ReadAction","target":["https:\/\/grupomardom.es\/aviso-legal\/"]}]},{"@type":"BreadcrumbList","@id":"https:\/\/grupomardom.es\/aviso-legal\/#breadcrumb","itemListElement":[{"@type":"ListItem","position":1,"name":"Portada","item":"https:\/\/grupomardom.es\/"},{"@type":"ListItem","position":2,"name":"Aviso Legal"}]},{"@type":"WebSite","@id":"https:\/\/grupomardom.es\/#website","url":"https:\/\/grupomardom.es\/","name":"Grupo Mardom","description":"","publisher":{"@id":"https:\/\/grupomardom.es\/#organization"},"potentialAction":[{"@type":"SearchAction","target":{"@type":"EntryPoint","urlTemplate":"https:\/\/grupomardom.es\/?s={search_term_string}"},"query-input":{"@type":"PropertyValueSpecification","valueRequired":true,"valueName":"search_term_string"}}],"inLanguage":"en-GB"},{"@type":"Organization","@id":"https:\/\/grupomardom.es\/#organization","name":"Grupo Mardom","url":"https:\/\/grupomardom.es\/","logo":{"@type":"ImageObject","inLanguage":"en-GB","@id":"https:\/\/grupomardom.es\/#\/schema\/logo\/image\/","url":"https:\/\/grupomardom.es\/wp-content\/uploads\/2024\/10\/logo-a-color-grupo-mardom-r1.png","contentUrl":"https:\/\/grupomardom.es\/wp-content\/uploads\/2024\/10\/logo-a-color-grupo-mardom-r1.png","width":200,"height":119,"caption":"Grupo Mardom"},"image":{"@id":"https:\/\/grupomardom.es\/#\/schema\/logo\/image\/"}}]}},"_links":{"self":[{"href":"https:\/\/grupomardom.es\/en\/wp-json\/wp\/v2\/pages\/1647","targetHints":{"allow":["GET"]}}],"collection":[{"href":"https:\/\/grupomardom.es\/en\/wp-json\/wp\/v2\/pages"}],"about":[{"href":"https:\/\/grupomardom.es\/en\/wp-json\/wp\/v2\/types\/page"}],"author":[{"embeddable":true,"href":"https:\/\/grupomardom.es\/en\/wp-json\/wp\/v2\/users\/1"}],"replies":[{"embeddable":true,"href":"https:\/\/grupomardom.es\/en\/wp-json\/wp\/v2\/comments?post=1647"}],"version-history":[{"count":4,"href":"https:\/\/grupomardom.es\/en\/wp-json\/wp\/v2\/pages\/1647\/revisions"}],"predecessor-version":[{"id":1723,"href":"https:\/\/grupomardom.es\/en\/wp-json\/wp\/v2\/pages\/1647\/revisions\/1723"}],"wp:attachment":[{"href":"https:\/\/grupomardom.es\/en\/wp-json\/wp\/v2\/media?parent=1647"}],"curies":[{"name":"wp","href":"https:\/\/api.w.org\/{rel}","templated":true}]}}